{"id":1125,"date":"2021-04-24T15:00:08","date_gmt":"2021-04-24T15:00:08","guid":{"rendered":"http:\/\/www.bertanun.com\/?page_id=1125"},"modified":"2021-10-26T12:32:05","modified_gmt":"2021-10-26T12:32:05","slug":"tarihce","status":"publish","type":"page","link":"https:\/\/www.bertanun.com\/index.php\/tarihce\/","title":{"rendered":"Tarih\u00e7e"},"content":{"rendered":"<p>[et_pb_section fb_built=&#8221;1&#8243; _builder_version=&#8221;4.9.2&#8243; _module_preset=&#8221;default&#8221; background_image=&#8221;http:\/\/www.bertanun.com\/wp-content\/uploads\/2021\/03\/2.jpg&#8221; min_height=&#8221;703.7px&#8221;][et_pb_row _builder_version=&#8221;4.9.2&#8243; _module_preset=&#8221;default&#8221;][et_pb_column type=&#8221;4_4&#8243; _builder_version=&#8221;4.9.2&#8243; _module_preset=&#8221;default&#8221;][et_pb_slider show_pagination=&#8221;off&#8221; use_bg_overlay=&#8221;off&#8221; use_text_overlay=&#8221;off&#8221; arrows_custom_color=&#8221;#E02B20&#8243; dot_nav_custom_color=&#8221;#E02B20&#8243; _builder_version=&#8221;4.9.2&#8243; _module_preset=&#8221;default&#8221; animation_style=&#8221;flip&#8221; auto=&#8221;on&#8221; auto_ignore_hover=&#8221;on&#8221;][et_pb_slide heading=&#8221;1940  &#8221; _builder_version=&#8221;4.9.2&#8243; _module_preset=&#8221;default&#8221; header_font=&#8221;|700|||||||&#8221; header_text_color=&#8221;#E02B20&#8243; header_font_size=&#8221;75px&#8221; background_color=&#8221;RGBA(0,0,0,0)&#8221; background_enable_color=&#8221;on&#8221; background_enable_image=&#8221;off&#8221; parallax=&#8221;on&#8221; header_text_shadow_style=&#8221;preset1&#8243; sticky_transition=&#8221;on&#8221;]<\/p>\n<p><span style=\"font-size: xx-large;\">NASIL BA\u015eLADIK ?<\/span><\/p>\n<p>De\u011firmencilik sekt\u00f6r\u00fcne giri\u015fimiz b\u00fcy\u00fck dedemiz Sad\u0131k Bertan ad\u0131m\u0131yla Kayal\u0131 De\u011firmen olarak \u00e7al\u0131\u015fmaya ba\u015flam\u0131\u015ft\u0131r.<\/p>\n<p>[\/et_pb_slide][et_pb_slide heading=&#8221;1977  &#8221; _builder_version=&#8221;4.9.2&#8243; _module_preset=&#8221;default&#8221; header_font=&#8221;|700|||||||&#8221; header_text_color=&#8221;#E02B20&#8243; header_font_size=&#8221;75px&#8221; background_color=&#8221;RGBA(0,0,0,0)&#8221; background_enable_color=&#8221;on&#8221; header_text_shadow_style=&#8221;preset1&#8243; sticky_transition=&#8221;on&#8221;]<\/p>\n<p>&nbsp;<\/p>\n<p><span style=\"font-size: xx-large;\">UN FABR\u0130KASININ KURULU\u015eU<\/span><\/p>\n<p>Kayal\u0131 De\u011firmenden vals ve elek sistemine ge\u00e7ilmi\u015ftir. D\u00f6nemin yeni nesil sistemine ge\u00e7i\u015f yap\u0131larak Bertan Un markas\u0131 olu\u015fmu\u015ftur. Y\u00f6netim 2. ku\u015fak Necdet Bertan ve Cevdet Bertan\u2019a ge\u00e7mi\u015ftir.<\/p>\n<p>[\/et_pb_slide][et_pb_slide heading=&#8221;2005&#8243; _builder_version=&#8221;4.9.2&#8243; _module_preset=&#8221;default&#8221; header_font=&#8221;|700|||||||&#8221; header_text_color=&#8221;#E02B20&#8243; header_font_size=&#8221;75px&#8221; background_color=&#8221;RGBA(0,0,0,0)&#8221; background_enable_color=&#8221;on&#8221; header_text_shadow_style=&#8221;preset1&#8243; sticky_transition=&#8221;on&#8221;]<\/p>\n<p><span style=\"font-size: xx-large;\">Y\u00d6NET\u0130MDE YEN\u0130 NES\u0130L<\/span><\/p>\n<p>Tesisimizin \u00fcretim kalitesini art\u0131racak son teknoloji laboratuvar sistemi kurulmu\u015ftur. Y\u00f6netimi 3. Ku\u015fak nesillerimizden Murad Bertan ve S.B\u00fclent Bertan devir alm\u0131\u015ft\u0131r.<\/p>\n<p>[\/et_pb_slide][et_pb_slide heading=&#8221;2017&#8243; _builder_version=&#8221;4.9.2&#8243; _module_preset=&#8221;default&#8221; header_font=&#8221;|700|||||||&#8221; header_text_color=&#8221;#E02B20&#8243; header_font_size=&#8221;75px&#8221; background_color=&#8221;RGBA(0,0,0,0)&#8221; background_enable_color=&#8221;on&#8221; header_text_shadow_style=&#8221;preset1&#8243; sticky_transition=&#8221;on&#8221;]<\/p>\n<p><span style=\"font-size: xx-large;\">ENDUSTR\u0130 4.0 GE\u00c7\u0130\u015e<\/span><\/p>\n<p>Ya\u015fad\u0131\u011f\u0131m\u0131z d\u00f6neme ayak uydurarak daha iyi hizmet verebilmek i\u00e7in sanayi 4.0 tesisimizin projesi hayata ge\u00e7irilmi\u015ftir.<\/p>\n<p>[\/et_pb_slide][et_pb_slide heading=&#8221;2020&#8243; _builder_version=&#8221;4.9.2&#8243; _module_preset=&#8221;default&#8221; header_font=&#8221;|700|||||||&#8221; header_text_color=&#8221;#E02B20&#8243; header_font_size=&#8221;75px&#8221; background_color=&#8221;RGBA(0,0,0,0)&#8221; background_enable_color=&#8221;on&#8221; header_text_shadow_style=&#8221;preset1&#8243; sticky_transition=&#8221;on&#8221;]<\/p>\n<p><span style=\"font-size: xx-large;\">KAL\u0130TEM\u0130Z BELGELEND\u0130<\/span><\/p>\n<p>\u00a0ISO 9001, ISO 22000, FSSC 22000 standartlar\u0131na sahip tesisimiz 400 ton\/g\u00fcn bu\u011fday k\u0131rma kapasitesine ula\u015fm\u0131\u015ft\u0131r.<span>\u00a0 <\/span><\/p>\n<p>[\/et_pb_slide][\/et_pb_slider][\/et_pb_column][\/et_pb_row][\/et_pb_section][et_pb_section fb_built=&#8221;1&#8243; admin_label=&#8221;New Arrivals Section&#8221; _builder_version=&#8221;3.22&#8243; custom_padding=&#8221;25px|0px|120px|0px||&#8221; locked=&#8221;off&#8221;][et_pb_row column_structure=&#8221;1_3,1_3,1_3&#8243; _builder_version=&#8221;4.9.2&#8243; max_width=&#8221;1440px&#8221; custom_margin=&#8221;20px|||&#8221; custom_padding=&#8221;|||&#8221; use_custom_width=&#8221;on&#8221; custom_width_px=&#8221;1440px&#8221; locked=&#8221;off&#8221;][et_pb_column type=&#8221;1_3&#8243; _builder_version=&#8221;3.25&#8243; custom_padding=&#8221;|||&#8221; custom_padding__hover=&#8221;|||&#8221;][et_pb_gallery _builder_version=&#8221;4.9.2&#8243; _module_preset=&#8221;default&#8221; gallery_ids=&#8221;1290,1282,1281&#8243; hover_enabled=&#8221;0&#8243; sticky_enabled=&#8221;0&#8243; show_pagination=&#8221;off&#8221; show_title_and_caption=&#8221;off&#8221; posts_number=&#8221;3&#8243;][\/et_pb_gallery][\/et_pb_column][et_pb_column type=&#8221;1_3&#8243; _builder_version=&#8221;4.9.2&#8243; _module_preset=&#8221;default&#8221;][et_pb_gallery _builder_version=&#8221;4.9.2&#8243; _module_preset=&#8221;default&#8221; gallery_ids=&#8221;1289,1284,1283&#8243; show_title_and_caption=&#8221;off&#8221; show_pagination=&#8221;off&#8221; hover_enabled=&#8221;0&#8243; sticky_enabled=&#8221;0&#8243; posts_number=&#8221;3&#8243;][\/et_pb_gallery][\/et_pb_column][et_pb_column type=&#8221;1_3&#8243; _builder_version=&#8221;4.9.2&#8243; _module_preset=&#8221;default&#8221;][et_pb_gallery _builder_version=&#8221;4.9.2&#8243; _module_preset=&#8221;default&#8221; gallery_ids=&#8221;1288,1287,1286&#8243; hover_enabled=&#8221;0&#8243; sticky_enabled=&#8221;0&#8243; posts_number=&#8221;3&#8243; show_title_and_caption=&#8221;off&#8221; show_pagination=&#8221;off&#8221;][\/et_pb_gallery][\/et_pb_column][\/et_pb_row][et_pb_row _builder_version=&#8221;3.25&#8243; custom_margin=&#8221;20px|||&#8221; custom_padding=&#8221;|||&#8221;][et_pb_column type=&#8221;4_4&#8243; _builder_version=&#8221;3.25&#8243; custom_padding=&#8221;|||&#8221; custom_padding__hover=&#8221;|||&#8221;][et_pb_button button_text=&#8221;\u0130leti\u015fime Ge\u00e7in&#8221; button_alignment=&#8221;center&#8221; _builder_version=&#8221;4.9.2&#8243; custom_button=&#8221;on&#8221; button_text_size=&#8221;14px&#8221; button_bg_color=&#8221;#E02B20&#8243; button_border_width=&#8221;12px&#8221; button_border_color=&#8221;#E02B20&#8243; button_border_radius=&#8221;0px&#8221; button_letter_spacing=&#8221;4px&#8221; button_font=&#8221;Nunito Sans|700||on|||||&#8221; button_icon=&#8221;%%3%%&#8221; background_layout=&#8221;dark&#8221; custom_margin=&#8221;|||&#8221; animation_style=&#8221;slide&#8221; animation_direction=&#8221;top&#8221; animation_intensity_slide=&#8221;3%&#8221; animation_starting_opacity=&#8221;100%&#8221; locked=&#8221;off&#8221; button_text_size__hover_enabled=&#8221;off&#8221; button_one_text_size__hover_enabled=&#8221;off&#8221; button_two_text_size__hover_enabled=&#8221;off&#8221; button_text_color__hover_enabled=&#8221;off&#8221; button_one_text_color__hover_enabled=&#8221;off&#8221; button_two_text_color__hover_enabled=&#8221;off&#8221; button_border_width__hover_enabled=&#8221;off&#8221; button_one_border_width__hover_enabled=&#8221;off&#8221; button_two_border_width__hover_enabled=&#8221;off&#8221; button_border_color__hover_enabled=&#8221;off&#8221; button_one_border_color__hover_enabled=&#8221;off&#8221; button_two_border_color__hover_enabled=&#8221;off&#8221; button_border_radius__hover_enabled=&#8221;off&#8221; button_one_border_radius__hover_enabled=&#8221;off&#8221; button_two_border_radius__hover_enabled=&#8221;off&#8221; button_letter_spacing__hover_enabled=&#8221;off&#8221; button_one_letter_spacing__hover_enabled=&#8221;off&#8221; button_two_letter_spacing__hover_enabled=&#8221;off&#8221; button_bg_color__hover_enabled=&#8221;off&#8221; button_one_bg_color__hover_enabled=&#8221;off&#8221; button_two_bg_color__hover_enabled=&#8221;off&#8221;][\/et_pb_button][\/et_pb_column][\/et_pb_row][\/et_pb_section][et_pb_section fb_built=&#8221;1&#8243; admin_label=&#8221;Footer&#8221; _builder_version=&#8221;4.6.3&#8243; _module_preset=&#8221;default&#8221; background_color=&#8221;#000000&#8243;][et_pb_row column_structure=&#8221;1_2,1_4,1_4&#8243; _builder_version=&#8221;4.6.3&#8243; _module_preset=&#8221;default&#8221;][et_pb_column type=&#8221;1_2&#8243; _builder_version=&#8221;4.6.3&#8243; _module_preset=&#8221;default&#8221;][et_pb_text _builder_version=&#8221;4.9.2&#8243; _module_preset=&#8221;default&#8221; text_font=&#8221;Bebas Neue||||||||&#8221; text_text_color=&#8221;#ffffff&#8221; text_font_size=&#8221;40px&#8221; text_letter_spacing=&#8221;0.05em&#8221; text_line_height=&#8221;1.2em&#8221; link_text_color=&#8221;#ffffff&#8221; header_3_font=&#8221;Bebas Neue||||||||&#8221; header_3_text_color=&#8221;rgba(255,255,255,0.48)&#8221; text_font_size_tablet=&#8221;30px&#8221; text_font_size_phone=&#8221;22px&#8221; text_font_size_last_edited=&#8221;on|tablet&#8221;]<\/p>\n<h3>Telefon<\/h3>\n<p><a href=\"#\">(224) 683-50-49<\/a><\/p>\n<p><a href=\"#\">(542) 683-50-49<\/a><\/p>\n<p>[\/et_pb_text][et_pb_text _builder_version=&#8221;4.9.2&#8243; _module_preset=&#8221;default&#8221; text_font=&#8221;Bebas Neue||||||||&#8221; text_text_color=&#8221;#ffffff&#8221; text_font_size=&#8221;40px&#8221; text_letter_spacing=&#8221;0.05em&#8221; text_line_height=&#8221;1.2em&#8221; link_text_color=&#8221;#ea3900&#8243; header_3_font=&#8221;Bebas Neue||||||||&#8221; header_3_text_color=&#8221;rgba(255,255,255,0.48)&#8221; text_font_size_tablet=&#8221;30px&#8221; text_font_size_phone=&#8221;22px&#8221; text_font_size_last_edited=&#8221;on|tablet&#8221;]<\/p>\n<h3>Email<\/h3>\n<p><a href=\"mailto:info@bertanun.com\">INfo@bertanun.com<\/a>[\/et_pb_text][et_pb_social_media_follow _builder_version=&#8221;4.6.6&#8243; _module_preset=&#8221;default&#8221; hover_enabled=&#8221;1&#8243; body_font_size_tablet=&#8221;20px&#8221; body_font_size_phone=&#8221;16px&#8221; body_font_size_last_edited=&#8221;on|phone&#8221; icon_color__hover_enabled=&#8221;on|hover&#8221; icon_color__hover=&#8221;#ea3900&#8243;][et_pb_social_media_follow_network social_network=&#8221;facebook&#8221; _builder_version=&#8221;4.6.3&#8243; _module_preset=&#8221;default&#8221; background_enable_color=&#8221;off&#8221; follow_button=&#8221;off&#8221; url_new_window=&#8221;on&#8221;]facebook[\/et_pb_social_media_follow_network][et_pb_social_media_follow_network social_network=&#8221;twitter&#8221; _builder_version=&#8221;4.6.3&#8243; _module_preset=&#8221;default&#8221; background_enable_color=&#8221;off&#8221; follow_button=&#8221;off&#8221; url_new_window=&#8221;on&#8221;]twitter[\/et_pb_social_media_follow_network][et_pb_social_media_follow_network social_network=&#8221;pinterest&#8221; _builder_version=&#8221;4.6.3&#8243; _module_preset=&#8221;default&#8221; background_enable_color=&#8221;off&#8221; follow_button=&#8221;off&#8221; url_new_window=&#8221;on&#8221;]pinterest[\/et_pb_social_media_follow_network][et_pb_social_media_follow_network social_network=&#8221;linkedin&#8221; _builder_version=&#8221;4.6.3&#8243; _module_preset=&#8221;default&#8221; background_enable_color=&#8221;off&#8221; follow_button=&#8221;off&#8221; url_new_window=&#8221;on&#8221;]linkedin[\/et_pb_social_media_follow_network][\/et_pb_social_media_follow][\/et_pb_column][et_pb_column type=&#8221;1_4&#8243; _builder_version=&#8221;4.6.3&#8243; _module_preset=&#8221;default&#8221;][et_pb_text _builder_version=&#8221;4.9.2&#8243; _module_preset=&#8221;default&#8221; header_4_font=&#8221;Bebas Neue||||||||&#8221; header_4_font_size=&#8221;22px&#8221; header_4_letter_spacing=&#8221;4px&#8221; header_4_line_height=&#8221;1.6em&#8221; background_layout=&#8221;dark&#8221; custom_margin=&#8221;||||false|false&#8221; header_4_font_size_tablet=&#8221;20px&#8221; header_4_font_size_phone=&#8221;16px&#8221; header_4_font_size_last_edited=&#8221;on|phone&#8221; border_color_all=&#8221;#ea3900&#8243; border_width_bottom=&#8221;5px&#8221; locked=&#8221;off&#8221; custom_margin__hover_enabled=&#8221;off|desktop&#8221;]<\/p>\n<h4>Kurumsal<\/h4>\n<p>[\/et_pb_text][et_pb_text _builder_version=&#8221;4.9.2&#8243; _module_preset=&#8221;default&#8221; text_font=&#8221;|600|||||||&#8221; text_font_size=&#8221;16px&#8221; text_line_height=&#8221;2em&#8221; link_text_color=&#8221;#ffffff&#8221; background_layout=&#8221;dark&#8221; text_font_size_tablet=&#8221;&#8221; text_font_size_phone=&#8221;14px&#8221; text_font_size_last_edited=&#8221;on|phone&#8221; link_text_color__hover_enabled=&#8221;on|desktop&#8221; link_text_color__hover=&#8221;#ea3900&#8243;]<\/p>\n<p><a href=\"http:\/\/www.bertanun.com\/index.php\/kalite-belgelerimiz\/\" title=\"bertan un kalite\">Kalite Belgelerimiz<\/a><br \/><a href=\"http:\/\/www.bertanun.com\/index.php\/insan-kaynaklari\/\" title=\"bertan un insan kaynaklar\u0131\">\u0130nsan Kaynaklar\u0131<\/a><br \/><a href=\"#\">KVKK<\/a><\/p>\n<p>[\/et_pb_text][\/et_pb_column][et_pb_column type=&#8221;1_4&#8243; _builder_version=&#8221;4.6.3&#8243; _module_preset=&#8221;default&#8221;][et_pb_text _builder_version=&#8221;4.9.2&#8243; _module_preset=&#8221;default&#8221; header_4_font=&#8221;Bebas Neue||||||||&#8221; header_4_font_size=&#8221;22px&#8221; header_4_letter_spacing=&#8221;4px&#8221; header_4_line_height=&#8221;1.6em&#8221; background_layout=&#8221;dark&#8221; custom_margin=&#8221;||||false|false&#8221; header_4_font_size_tablet=&#8221;20px&#8221; header_4_font_size_phone=&#8221;16px&#8221; header_4_font_size_last_edited=&#8221;on|phone&#8221; border_color_all=&#8221;#ea3900&#8243; border_width_bottom=&#8221;5px&#8221; locked=&#8221;off&#8221; custom_margin__hover_enabled=&#8221;off|desktop&#8221;]<\/p>\n<h4>\u00dcr\u00fcnler<\/h4>\n<p>[\/et_pb_text][et_pb_text _builder_version=&#8221;4.9.2&#8243; _module_preset=&#8221;default&#8221; text_font=&#8221;|600|||||||&#8221; text_font_size=&#8221;16px&#8221; text_line_height=&#8221;2em&#8221; link_text_color=&#8221;#ffffff&#8221; background_layout=&#8221;dark&#8221; text_font_size_tablet=&#8221;&#8221; text_font_size_phone=&#8221;14px&#8221; text_font_size_last_edited=&#8221;on|phone&#8221; locked=&#8221;off&#8221; link_text_color__hover=&#8221;#ea3900&#8243; link_text_color__hover_enabled=&#8221;on|desktop&#8221;]<\/p>\n<p><a href=\"http:\/\/www.bertanun.com\/index.php\/urunler\/\">End\u00fcstriyel Unlar<\/a><br \/><a href=\"http:\/\/www.bertanun.com\/index.php\/urunler\/\">Ekmeklik Unlar<\/a><br \/><a href=\"http:\/\/www.bertanun.com\/index.php\/urunler\/\">\u00d6zel Ama\u00e7l\u0131 Unlar<\/a><\/p>\n<p>[\/et_pb_text][\/et_pb_column][\/et_pb_row][\/et_pb_section]<\/p>\n","protected":false},"excerpt":{"rendered":"<p>[et_pb_section fb_built=&#8221;1&#8243; _builder_version=&#8221;4.9.2&#8243; _module_preset=&#8221;default&#8221; background_image=&#8221;http:\/\/www.bertanun.com\/wp-content\/uploads\/2021\/03\/2.jpg&#8221; min_height=&#8221;703.7px&#8221;][et_pb_row _builder_version=&#8221;4.9.2&#8243; _module_preset=&#8221;default&#8221;][et_pb_column type=&#8221;4_4&#8243; _builder_version=&#8221;4.9.2&#8243; _module_preset=&#8221;default&#8221;][et_pb_slider show_pagination=&#8221;off&#8221; use_bg_overlay=&#8221;off&#8221; use_text_overlay=&#8221;off&#8221; arrows_custom_color=&#8221;#E02B20&#8243; dot_nav_custom_color=&#8221;#E02B20&#8243; _builder_version=&#8221;4.9.2&#8243; _module_preset=&#8221;default&#8221; animation_style=&#8221;flip&#8221; auto=&#8221;on&#8221; auto_ignore_hover=&#8221;on&#8221;][et_pb_slide heading=&#8221;1940 &#8221; _builder_version=&#8221;4.9.2&#8243; _module_preset=&#8221;default&#8221; header_font=&#8221;|700|||||||&#8221; header_text_color=&#8221;#E02B20&#8243; header_font_size=&#8221;75px&#8221; background_color=&#8221;RGBA(0,0,0,0)&#8221; background_enable_color=&#8221;on&#8221; background_enable_image=&#8221;off&#8221; parallax=&#8221;on&#8221; header_text_shadow_style=&#8221;preset1&#8243; sticky_transition=&#8221;on&#8221;] NASIL BA\u015eLADIK ? De\u011firmencilik sekt\u00f6r\u00fcne giri\u015fimiz b\u00fcy\u00fck dedemiz Sad\u0131k Bertan ad\u0131m\u0131yla Kayal\u0131 De\u011firmen olarak \u00e7al\u0131\u015fmaya ba\u015flam\u0131\u015ft\u0131r. [\/et_pb_slide][et_pb_slide heading=&#8221;1977 &#8221; _builder_version=&#8221;4.9.2&#8243; _module_preset=&#8221;default&#8221; [&hellip;]<\/p>\n","protected":false},"author":1,"featured_media":0,"parent":0,"menu_order":0,"comment_status":"closed","ping_status":"closed","template":"","meta":{"_et_pb_use_builder":"on","_et_pb_old_content":"","_et_gb_content_width":""},"yoast_head":"<!-- This site is optimized with the Yoast SEO plugin v17.4 - https:\/\/yoast.com\/wordpress\/plugins\/seo\/ -->\n<title>Tarih\u00e7e - Bertan Un<\/title>\n<meta name=\"robots\" content=\"index, follow, max-snippet:-1, max-image-preview:large, max-video-preview:-1\" \/>\n<link rel=\"canonical\" href=\"https:\/\/www.bertanun.com\/index.php\/tarihce\/\" \/>\n<meta property=\"og:locale\" content=\"tr_TR\" \/>\n<meta property=\"og:type\" content=\"article\" \/>\n<meta property=\"og:title\" content=\"Tarih\u00e7e - Bertan Un\" \/>\n<meta property=\"og:description\" content=\"[et_pb_section fb_built=&#8221;1&#8243; _builder_version=&#8221;4.9.2&#8243; _module_preset=&#8221;default&#8221; background_image=&#8221;http:\/\/www.bertanun.com\/wp-content\/uploads\/2021\/03\/2.jpg&#8221; min_height=&#8221;703.7px&#8221;][et_pb_row _builder_version=&#8221;4.9.2&#8243; _module_preset=&#8221;default&#8221;][et_pb_column type=&#8221;4_4&#8243; _builder_version=&#8221;4.9.2&#8243; _module_preset=&#8221;default&#8221;][et_pb_slider show_pagination=&#8221;off&#8221; use_bg_overlay=&#8221;off&#8221; use_text_overlay=&#8221;off&#8221; arrows_custom_color=&#8221;#E02B20&#8243; dot_nav_custom_color=&#8221;#E02B20&#8243; _builder_version=&#8221;4.9.2&#8243; _module_preset=&#8221;default&#8221; animation_style=&#8221;flip&#8221; auto=&#8221;on&#8221; auto_ignore_hover=&#8221;on&#8221;][et_pb_slide heading=&#8221;1940 &#8221; _builder_version=&#8221;4.9.2&#8243; _module_preset=&#8221;default&#8221; header_font=&#8221;|700|||||||&#8221; header_text_color=&#8221;#E02B20&#8243; header_font_size=&#8221;75px&#8221; background_color=&#8221;RGBA(0,0,0,0)&#8221; background_enable_color=&#8221;on&#8221; background_enable_image=&#8221;off&#8221; parallax=&#8221;on&#8221; header_text_shadow_style=&#8221;preset1&#8243; sticky_transition=&#8221;on&#8221;] NASIL BA\u015eLADIK ? De\u011firmencilik sekt\u00f6r\u00fcne giri\u015fimiz b\u00fcy\u00fck dedemiz Sad\u0131k Bertan ad\u0131m\u0131yla Kayal\u0131 De\u011firmen olarak \u00e7al\u0131\u015fmaya ba\u015flam\u0131\u015ft\u0131r. [\/et_pb_slide][et_pb_slide heading=&#8221;1977 &#8221; _builder_version=&#8221;4.9.2&#8243; _module_preset=&#8221;default&#8221; [&hellip;]\" \/>\n<meta property=\"og:url\" content=\"https:\/\/www.bertanun.com\/index.php\/tarihce\/\" \/>\n<meta property=\"og:site_name\" content=\"Bertan Un\" \/>\n<meta property=\"article:modified_time\" content=\"2021-10-26T12:32:05+00:00\" \/>\n<meta name=\"twitter:card\" content=\"summary_large_image\" \/>\n<meta name=\"twitter:label1\" content=\"Tahmini okuma s\u00fcresi\" \/>\n\t<meta name=\"twitter:data1\" content=\"7 dakika\" \/>\n<script type=\"application\/ld+json\" class=\"yoast-schema-graph\">{\"@context\":\"https:\/\/schema.org\",\"@graph\":[{\"@type\":\"WebSite\",\"@id\":\"https:\/\/www.bertanun.com\/#website\",\"url\":\"https:\/\/www.bertanun.com\/\",\"name\":\"Bertan Un\",\"description\":\"Un\",\"potentialAction\":[{\"@type\":\"SearchAction\",\"target\":{\"@type\":\"EntryPoint\",\"urlTemplate\":\"https:\/\/www.bertanun.com\/?s={search_term_string}\"},\"query-input\":\"required name=search_term_string\"}],\"inLanguage\":\"tr\"},{\"@type\":\"WebPage\",\"@id\":\"https:\/\/www.bertanun.com\/index.php\/tarihce\/#webpage\",\"url\":\"https:\/\/www.bertanun.com\/index.php\/tarihce\/\",\"name\":\"Tarih\\u00e7e - Bertan Un\",\"isPartOf\":{\"@id\":\"https:\/\/www.bertanun.com\/#website\"},\"datePublished\":\"2021-04-24T15:00:08+00:00\",\"dateModified\":\"2021-10-26T12:32:05+00:00\",\"breadcrumb\":{\"@id\":\"https:\/\/www.bertanun.com\/index.php\/tarihce\/#breadcrumb\"},\"inLanguage\":\"tr\",\"potentialAction\":[{\"@type\":\"ReadAction\",\"target\":[\"https:\/\/www.bertanun.com\/index.php\/tarihce\/\"]}]},{\"@type\":\"BreadcrumbList\",\"@id\":\"https:\/\/www.bertanun.com\/index.php\/tarihce\/#breadcrumb\",\"itemListElement\":[{\"@type\":\"ListItem\",\"position\":1,\"name\":\"Anasayfa\",\"item\":\"https:\/\/www.bertanun.com\/\"},{\"@type\":\"ListItem\",\"position\":2,\"name\":\"Tarih\\u00e7e\"}]}]}<\/script>\n<!-- \/ Yoast SEO plugin. -->","yoast_head_json":{"title":"Tarih\u00e7e - Bertan Un","robots":{"index":"index","follow":"follow","max-snippet":"max-snippet:-1","max-image-preview":"max-image-preview:large","max-video-preview":"max-video-preview:-1"},"canonical":"https:\/\/www.bertanun.com\/index.php\/tarihce\/","og_locale":"tr_TR","og_type":"article","og_title":"Tarih\u00e7e - Bertan Un","og_description":"[et_pb_section fb_built=&#8221;1&#8243; _builder_version=&#8221;4.9.2&#8243; _module_preset=&#8221;default&#8221; background_image=&#8221;http:\/\/www.bertanun.com\/wp-content\/uploads\/2021\/03\/2.jpg&#8221; min_height=&#8221;703.7px&#8221;][et_pb_row _builder_version=&#8221;4.9.2&#8243; _module_preset=&#8221;default&#8221;][et_pb_column type=&#8221;4_4&#8243; _builder_version=&#8221;4.9.2&#8243; _module_preset=&#8221;default&#8221;][et_pb_slider show_pagination=&#8221;off&#8221; use_bg_overlay=&#8221;off&#8221; use_text_overlay=&#8221;off&#8221; arrows_custom_color=&#8221;#E02B20&#8243; dot_nav_custom_color=&#8221;#E02B20&#8243; _builder_version=&#8221;4.9.2&#8243; _module_preset=&#8221;default&#8221; animation_style=&#8221;flip&#8221; auto=&#8221;on&#8221; auto_ignore_hover=&#8221;on&#8221;][et_pb_slide heading=&#8221;1940 &#8221; _builder_version=&#8221;4.9.2&#8243; _module_preset=&#8221;default&#8221; header_font=&#8221;|700|||||||&#8221; header_text_color=&#8221;#E02B20&#8243; header_font_size=&#8221;75px&#8221; background_color=&#8221;RGBA(0,0,0,0)&#8221; background_enable_color=&#8221;on&#8221; background_enable_image=&#8221;off&#8221; parallax=&#8221;on&#8221; header_text_shadow_style=&#8221;preset1&#8243; sticky_transition=&#8221;on&#8221;] NASIL BA\u015eLADIK ? De\u011firmencilik sekt\u00f6r\u00fcne giri\u015fimiz b\u00fcy\u00fck dedemiz Sad\u0131k Bertan ad\u0131m\u0131yla Kayal\u0131 De\u011firmen olarak \u00e7al\u0131\u015fmaya ba\u015flam\u0131\u015ft\u0131r. [\/et_pb_slide][et_pb_slide heading=&#8221;1977 &#8221; _builder_version=&#8221;4.9.2&#8243; _module_preset=&#8221;default&#8221; [&hellip;]","og_url":"https:\/\/www.bertanun.com\/index.php\/tarihce\/","og_site_name":"Bertan Un","article_modified_time":"2021-10-26T12:32:05+00:00","twitter_card":"summary_large_image","twitter_misc":{"Tahmini okuma s\u00fcresi":"7 dakika"},"schema":{"@context":"https:\/\/schema.org","@graph":[{"@type":"WebSite","@id":"https:\/\/www.bertanun.com\/#website","url":"https:\/\/www.bertanun.com\/","name":"Bertan Un","description":"Un","potentialAction":[{"@type":"SearchAction","target":{"@type":"EntryPoint","urlTemplate":"https:\/\/www.bertanun.com\/?s={search_term_string}"},"query-input":"required name=search_term_string"}],"inLanguage":"tr"},{"@type":"WebPage","@id":"https:\/\/www.bertanun.com\/index.php\/tarihce\/#webpage","url":"https:\/\/www.bertanun.com\/index.php\/tarihce\/","name":"Tarih\u00e7e - Bertan Un","isPartOf":{"@id":"https:\/\/www.bertanun.com\/#website"},"datePublished":"2021-04-24T15:00:08+00:00","dateModified":"2021-10-26T12:32:05+00:00","breadcrumb":{"@id":"https:\/\/www.bertanun.com\/index.php\/tarihce\/#breadcrumb"},"inLanguage":"tr","potentialAction":[{"@type":"ReadAction","target":["https:\/\/www.bertanun.com\/index.php\/tarihce\/"]}]},{"@type":"BreadcrumbList","@id":"https:\/\/www.bertanun.com\/index.php\/tarihce\/#breadcrumb","itemListElement":[{"@type":"ListItem","position":1,"name":"Anasayfa","item":"https:\/\/www.bertanun.com\/"},{"@type":"ListItem","position":2,"name":"Tarih\u00e7e"}]}]}},"_links":{"self":[{"href":"https:\/\/www.bertanun.com\/index.php\/wp-json\/wp\/v2\/pages\/1125"}],"collection":[{"href":"https:\/\/www.bertanun.com\/index.php\/wp-json\/wp\/v2\/pages"}],"about":[{"href":"https:\/\/www.bertanun.com\/index.php\/wp-json\/wp\/v2\/types\/page"}],"author":[{"embeddable":true,"href":"https:\/\/www.bertanun.com\/index.php\/wp-json\/wp\/v2\/users\/1"}],"replies":[{"embeddable":true,"href":"https:\/\/www.bertanun.com\/index.php\/wp-json\/wp\/v2\/comments?post=1125"}],"version-history":[{"count":5,"href":"https:\/\/www.bertanun.com\/index.php\/wp-json\/wp\/v2\/pages\/1125\/revisions"}],"predecessor-version":[{"id":1291,"href":"https:\/\/www.bertanun.com\/index.php\/wp-json\/wp\/v2\/pages\/1125\/revisions\/1291"}],"wp:attachment":[{"href":"https:\/\/www.bertanun.com\/index.php\/wp-json\/wp\/v2\/media?parent=1125"}],"curies":[{"name":"wp","href":"https:\/\/api.w.org\/{rel}","templated":true}]}}